{"id":184,"date":"2024-01-28T22:05:53","date_gmt":"2024-01-28T22:05:53","guid":{"rendered":"https:\/\/getzoomys.com\/?post_type=product&#038;p=184"},"modified":"2025-11-03T18:33:30","modified_gmt":"2025-11-03T23:33:30","slug":"special-diets","status":"publish","type":"product","link":"https:\/\/getzoomys.com\/fr\/product\/special-diets\/","title":{"rendered":"CR\u00c9ER UNE RECETTE PERSONNALIS\u00c9E"},"content":{"rendered":"<p>Nous aimons tellement nos meilleurs amis, c\u2019est pourquoi il peut \u00eatre frustrant de vouloir leur offrir une alimentation de qualit\u00e9, mais de ne trouver aucune option adapt\u00e9e \u00e0 leurs besoins particuliers.<\/p>\n<p>Les recettes personnalis\u00e9es Zoomys est un service unique qui vous permet de reprendre le contr\u00f4le de l\u2019alimentation de votre animal. Nous \u00e9laborons un produit sur mesure, en fonction des besoins sp\u00e9cifiques de votre animal. Qu\u2019il s\u2019agisse de pr\u00e9f\u00e9rences, d\u2019allergies ou de besoins m\u00e9dicaux, nous pouvons vous aider!<\/p>\n<p>Pour r\u00e9server une consultation, veuillez remplir le formulaire ci-dessous.<\/p>","protected":false},"excerpt":{"rendered":"<p>We love our best friends so much, which is why it can be frustrating when you want to provide them with a quality diet, but aren&#8217;t any options that fit their special needs. Zoomy&#8217;s: Special Diets is a one-of-a-kind service that allows you to take back control of what your pet eats. We formulate a [&hellip;]<\/p>","protected":false},"featured_media":1510,"template":"","meta":[],"product_brand":[],"product_cat":[15,100,101,102,103],"product_tag":[94],"class_list":{"0":"post-184","1":"product","2":"type-product","3":"status-publish","4":"has-post-thumbnail","6":"product_cat-special_diets","7":"product_cat-cooked-cat-food","8":"product_cat-cooked-dog-food","9":"product_cat-raw-cat-food","10":"product_cat-raw-dog-food","11":"product_tag-no-att","13":"first","14":"instock","15":"purchasable","16":"product-type-simple"},"_links":{"self":[{"href":"https:\/\/getzoomys.com\/fr\/wp-json\/wp\/v2\/product\/184","targetHints":{"allow":["GET"]}}],"collection":[{"href":"https:\/\/getzoomys.com\/fr\/wp-json\/wp\/v2\/product"}],"about":[{"href":"https:\/\/getzoomys.com\/fr\/wp-json\/wp\/v2\/types\/product"}],"wp:featuredmedia":[{"embeddable":true,"href":"https:\/\/getzoomys.com\/fr\/wp-json\/wp\/v2\/media\/1510"}],"wp:attachment":[{"href":"https:\/\/getzoomys.com\/fr\/wp-json\/wp\/v2\/media?parent=184"}],"wp:term":[{"taxonomy":"product_brand","embeddable":true,"href":"https:\/\/getzoomys.com\/fr\/wp-json\/wp\/v2\/product_brand?post=184"},{"taxonomy":"product_cat","embeddable":true,"href":"https:\/\/getzoomys.com\/fr\/wp-json\/wp\/v2\/product_cat?post=184"},{"taxonomy":"product_tag","embeddable":true,"href":"https:\/\/getzoomys.com\/fr\/wp-json\/wp\/v2\/product_tag?post=184"}],"curies":[{"name":"wp","href":"https:\/\/api.w.org\/{rel}","templated":true}]}}