{"id":3297,"date":"2024-07-21T16:24:25","date_gmt":"2024-07-21T20:24:25","guid":{"rendered":"https:\/\/getzoomys.com\/?page_id=3297"},"modified":"2025-02-10T10:27:55","modified_gmt":"2025-02-10T15:27:55","slug":"free-sample","status":"publish","type":"page","link":"https:\/\/getzoomys.com\/fr\/free-sample\/","title":{"rendered":"Get A Free Sample"},"content":{"rendered":"<div class='breakdance'><section class=\"bde-section-3297-100 bde-section\">\n  \n  \n\t\n\n\n\n<div class=\"section-container\"><h1 class=\"bde-heading-3297-101 bde-heading\">\nOBTENEZ VOTRE \u00c9CHANTILLON GRATUIT!\n<\/h1><div class=\"bde-rich-text-3297-107 bde-rich-text breakdance-rich-text-styles\">\n<p>\u00cates-vous int\u00e9ress\u00e9 \u00e0 essayer notre produit?<\/p>\n<p>C'est fantastique ! Dites-nous simplement o\u00f9 l'envoyer\u00a0<\/p>\n<\/div><div class=\"bde-shortcodewrapper-3297-103 bde-shortcodewrapper\">\n<form id=\"forminator-module-3296\" class=\"forminator-custom-form forminator-custom-form-3296\" method=\"post\" data-forminator-render=\"0\" data-uid=\"69e1d6654e227\" action=\"\"><div role=\"alert\" aria-live=\"polite\" class=\"forminator-response-message forminator-error\" aria-hidden=\"true\"><\/div><input type=\"hidden\" name=\"trp-form-language\" value=\"fr\"\/><\/form> \n<\/div><\/div>\n<\/section><\/div>","protected":false},"excerpt":{"rendered":"<p>GET YOUR FREE SAMPLE! Interested in trying our product? That\u2019s fantastic; just let us know where to send it.\u00a0<\/p>","protected":false},"author":1,"featured_media":0,"parent":0,"menu_order":0,"comment_status":"closed","ping_status":"closed","template":"","meta":{"_breakdance_hide_in_design_set":false,"_breakdance_tags":"","footnotes":""},"class_list":["post-3297","page","type-page","status-publish","hentry"],"_links":{"self":[{"href":"https:\/\/getzoomys.com\/fr\/wp-json\/wp\/v2\/pages\/3297","targetHints":{"allow":["GET"]}}],"collection":[{"href":"https:\/\/getzoomys.com\/fr\/wp-json\/wp\/v2\/pages"}],"about":[{"href":"https:\/\/getzoomys.com\/fr\/wp-json\/wp\/v2\/types\/page"}],"author":[{"embeddable":true,"href":"https:\/\/getzoomys.com\/fr\/wp-json\/wp\/v2\/users\/1"}],"replies":[{"embeddable":true,"href":"https:\/\/getzoomys.com\/fr\/wp-json\/wp\/v2\/comments?post=3297"}],"version-history":[{"count":10,"href":"https:\/\/getzoomys.com\/fr\/wp-json\/wp\/v2\/pages\/3297\/revisions"}],"predecessor-version":[{"id":4177,"href":"https:\/\/getzoomys.com\/fr\/wp-json\/wp\/v2\/pages\/3297\/revisions\/4177"}],"wp:attachment":[{"href":"https:\/\/getzoomys.com\/fr\/wp-json\/wp\/v2\/media?parent=3297"}],"curies":[{"name":"wp","href":"https:\/\/api.w.org\/{rel}","templated":true}]}}